{"id":2720,"date":"2023-03-29T02:59:00","date_gmt":"2023-03-29T02:59:00","guid":{"rendered":"https:\/\/infinitosdigitals.com\/?page_id=2720"},"modified":"2025-08-29T03:03:47","modified_gmt":"2025-08-29T03:03:47","slug":"aviso-legal","status":"publish","type":"page","link":"https:\/\/infinitosdigitals.com\/en\/aviso-legal\/","title":{"rendered":"Legal Notice"},"content":{"rendered":"<h2 class=\"wp-block-heading\">1. General Information<\/h2>\n\n\n\n<p>The content made available on the website <strong>Infinitos Digitals<\/strong> This information is for informational purposes only. While we strive to maintain accurate and up-to-date information, we do not guarantee its accuracy, completeness, or timeliness.<\/p>\n\n\n\n<h2 class=\"wp-block-heading\">2. Disclaimer<\/h2>\n\n\n\n<p>THE <strong>Infinitos Digitals<\/strong> is not responsible for:<\/p>\n\n\n\n<ul class=\"wp-block-list\">\n<li>Any loss, damage or harm arising from the use of the information presented on the website;<\/li>\n\n\n\n<li>Technical problems, malfunctions or temporary unavailability of the platform;<\/li>\n\n\n\n<li>Content from third-party websites accessed through links provided on our pages.<\/li>\n<\/ul>\n\n\n\n<h2 class=\"wp-block-heading\">3. No Professional Relationship<\/h2>\n\n\n\n<p>The information published in the <strong>Infinitos Digitals<\/strong> do not constitute professional advice (legal, financial, medical, or any other type). Users should seek appropriate guidance before making decisions based on the website&#039;s content.<\/p>\n\n\n\n<h2 class=\"wp-block-heading\">4. Copyright<\/h2>\n\n\n\n<p>All published material, including text, images, graphics and logos, belongs to <strong>Infinitos Digitals<\/strong>, unless otherwise indicated. Copying, reproduction or distribution without prior written permission is prohibited.<\/p>\n\n\n\n<h2 class=\"wp-block-heading\">5. Changes<\/h2>\n\n\n\n<p>This Legal Notice may be updated or modified at any time without prior notice. We recommend that users consult this page regularly.<\/p>\n\n\n\n<h2 class=\"wp-block-heading\">6. Contact<\/h2>\n\n\n\n<p>If you have any questions about this Legal Notice, please contact us by email:<br><strong><a href=\"https:\/\/infinitosdigitals.com\/en\/contato\/\" data-type=\"page\" data-id=\"600\">contato@infinitosdigitals.com<\/a><\/strong><\/p>\n\n\n\n<p><\/p>","protected":false},"excerpt":{"rendered":"<p>1. Informa\u00e7\u00f5es Gerais O conte\u00fado disponibilizado no site Infinitos Digitals tem car\u00e1ter meramente informativo. Embora nos esforcemos para manter as informa\u00e7\u00f5es corretas e atualizadas, n\u00e3o garantimos sua exatid\u00e3o, completude ou atualidade. 2. Isen\u00e7\u00e3o de Responsabilidade O Infinitos Digitals n\u00e3o se responsabiliza por: 3. Sem Rela\u00e7\u00e3o Profissional As informa\u00e7\u00f5es publicadas no Infinitos Digitals n\u00e3o constituem aconselhamento&hellip;&nbsp;<a href=\"https:\/\/infinitosdigitals.com\/en\/aviso-legal\/\" rel=\"bookmark\"><span class=\"screen-reader-text\">Legal Notice<\/span><\/a><\/p>","protected":false},"author":1,"featured_media":0,"parent":0,"menu_order":0,"comment_status":"closed","ping_status":"closed","template":"","meta":{"neve_meta_sidebar":"","neve_meta_container":"","neve_meta_enable_content_width":"","neve_meta_content_width":0,"neve_meta_title_alignment":"","neve_meta_author_avatar":"","neve_post_elements_order":"","neve_meta_disable_header":"","neve_meta_disable_footer":"","neve_meta_disable_title":"","footnotes":""},"class_list":["post-2720","page","type-page","status-publish","hentry"],"_links":{"self":[{"href":"https:\/\/infinitosdigitals.com\/en\/wp-json\/wp\/v2\/pages\/2720","targetHints":{"allow":["GET"]}}],"collection":[{"href":"https:\/\/infinitosdigitals.com\/en\/wp-json\/wp\/v2\/pages"}],"about":[{"href":"https:\/\/infinitosdigitals.com\/en\/wp-json\/wp\/v2\/types\/page"}],"author":[{"embeddable":true,"href":"https:\/\/infinitosdigitals.com\/en\/wp-json\/wp\/v2\/users\/1"}],"replies":[{"embeddable":true,"href":"https:\/\/infinitosdigitals.com\/en\/wp-json\/wp\/v2\/comments?post=2720"}],"version-history":[{"count":2,"href":"https:\/\/infinitosdigitals.com\/en\/wp-json\/wp\/v2\/pages\/2720\/revisions"}],"predecessor-version":[{"id":2722,"href":"https:\/\/infinitosdigitals.com\/en\/wp-json\/wp\/v2\/pages\/2720\/revisions\/2722"}],"wp:attachment":[{"href":"https:\/\/infinitosdigitals.com\/en\/wp-json\/wp\/v2\/media?parent=2720"}],"curies":[{"name":"wp","href":"https:\/\/api.w.org\/{rel}","templated":true}]}}