{"id":30,"date":"2023-10-28T02:49:50","date_gmt":"2023-10-28T02:49:50","guid":{"rendered":"https:\/\/infinitosdigitals.com\/privacy-policy\/"},"modified":"2025-05-28T01:32:53","modified_gmt":"2025-05-28T01:32:53","slug":"politica-de-privacidade","status":"publish","type":"page","link":"https:\/\/infinitosdigitals.com\/en\/politica-de-privacidade\/","title":{"rendered":"Privacy Policy"},"content":{"rendered":"<div class=\"page\">\n<div class=\"container\">\n<div class=\"content download-wrapper\">\n<div class=\"row\">\n<div class=\"col-md-6 col-md-pull-6 col-sm-6 col-sm-pull-6\">\n<div class=\"main\">\n<div class=\"preview\">\n<h1><span style=\"vertical-align: inherit;\"><span style=\"vertical-align: inherit;\">Privacy Policy for infinitosdigitals<\/span><\/span><\/h1>\n<p><span style=\"vertical-align: inherit;\"><span style=\"vertical-align: inherit;\">At infinitosdigitals, accessible at https:\/\/infinitosdigitals.com\/, one of our main priorities is the privacy of our visitors. This Privacy Policy document contains the types of information that is collected and recorded by infinitosdigitals and how we use it.<\/span><\/span><\/p>\n<p><span style=\"vertical-align: inherit;\"><span style=\"vertical-align: inherit;\">If you have additional questions or require more information about our Privacy Policy, do not hesitate to contact us.<\/span><\/span><\/p>\n<p><span style=\"vertical-align: inherit;\"><span style=\"vertical-align: inherit;\">This Privacy Policy applies only to our online activities and is valid for visitors to our website with regards to the information they shared and\/or collect on infinitosdigitals. This policy does not apply to any information collected offline or through channels other than this website.<\/span><\/span><\/p>\n<h2><span style=\"vertical-align: inherit;\"><span style=\"vertical-align: inherit;\">Consent<\/span><\/span><\/h2>\n<p><span style=\"vertical-align: inherit;\"><span style=\"vertical-align: inherit;\">By using our website, you hereby consent to our Privacy Policy and agree to its terms.<\/span><\/span><\/p>\n<h2><span style=\"vertical-align: inherit;\"><span style=\"vertical-align: inherit;\">Information we collect<\/span><\/span><\/h2>\n<p><span style=\"vertical-align: inherit;\"><span style=\"vertical-align: inherit;\">The personal information that you are asked to provide, and the reasons why you are asked to provide it, will be made clear to you at the point we ask you to provide your personal information.<\/span><\/span><\/p>\n<p><span style=\"vertical-align: inherit;\"><span style=\"vertical-align: inherit;\">If you contact us directly, we may receive additional information about you such as your name, email address, phone number, the contents of the message and\/or attachments you may send us, and any other information you may choose to provide.<\/span><\/span><\/p>\n<p><span style=\"vertical-align: inherit;\"><span style=\"vertical-align: inherit;\">When you register for an Account, we may ask for your contact information, including items such as name, company name, address, email address, and telephone number.<\/span><\/span><\/p>\n<h2><span style=\"vertical-align: inherit;\"><span style=\"vertical-align: inherit;\">How we use your information<\/span><\/span><\/h2>\n<p><span style=\"vertical-align: inherit;\"><span style=\"vertical-align: inherit;\">We use the information we collect in various ways, including to:<\/span><\/span><\/p>\n<ul>\n<li><span style=\"vertical-align: inherit;\"><span style=\"vertical-align: inherit;\">Provide, operate, and maintain our website<\/span><\/span><\/li>\n<li><span style=\"vertical-align: inherit;\"><span style=\"vertical-align: inherit;\">Improve, personalize, and expand our website<\/span><\/span><\/li>\n<li><span style=\"vertical-align: inherit;\"><span style=\"vertical-align: inherit;\">Understand and analyze how you use our website<\/span><\/span><\/li>\n<li><span style=\"vertical-align: inherit;\"><span style=\"vertical-align: inherit;\">Develop new products, services, features and functionalities<\/span><\/span><\/li>\n<li><span style=\"vertical-align: inherit;\"><span style=\"vertical-align: inherit;\">Communicate with you, directly or through one of our partners, including for customer service, to provide you with updates and other information relating to the Site, and for marketing and promotional purposes<\/span><\/span><\/li>\n<li><span style=\"vertical-align: inherit;\"><span style=\"vertical-align: inherit;\">Send you emails<\/span><\/span><\/li>\n<li><span style=\"vertical-align: inherit;\"><span style=\"vertical-align: inherit;\">Find and avoid scams<\/span><\/span><\/li>\n<\/ul>\n<h2><span style=\"vertical-align: inherit;\"><span style=\"vertical-align: inherit;\">Log files<\/span><\/span><\/h2>\n<p><span style=\"vertical-align: inherit;\"><span style=\"vertical-align: inherit;\">infinitosdigitals follows a standard procedure of using log files. These files record visitors when they visit websites. All hosting companies do this, and some of the hosting services include analytics. The information collected by log files includes internet protocol (IP) addresses, browser type, Internet Service Provider (ISP), date and time stamp, referring\/exit pages, and possibly the number of clicks. They are not linked to any information that is personally identifiable. The purpose of the information is for analyzing trends, administering the site, tracking user information, site traffic, and gathering demographic information.<\/span><\/span><\/p>\n<h2><span style=\"vertical-align: inherit;\"><span style=\"vertical-align: inherit;\">Cookies and web beacons<\/span><\/span><\/h2>\n<p><span style=\"vertical-align: inherit;\"><span style=\"vertical-align: inherit;\">Like any other website, infinitosdigitals uses &quot;cookies.&quot; These cookies are used to store information, including visitor information, preferences, and the pages on the website that the visitor accessed or visited. The information is used to optimize the user experience by customizing our website content based on visitors&#039; visits, browser type, and\/or other information.<\/span><\/span><\/p>\n<h2><span style=\"vertical-align: inherit;\"><span style=\"vertical-align: inherit;\">Google DoubleClick DART Cookie<\/span><\/span><\/h2>\n<p><span style=\"vertical-align: inherit;\"><span style=\"vertical-align: inherit;\">Google is a third-party vendor on our website. It also uses cookies known as DART cookies to serve ads to our website visitors based on their visit to www.website.com and other sites on the internet. However, visitors may choose to decline the use of DART cookies by visiting the Google ad and content network Privacy Policy at the following URL:\u00a0<\/span><\/span><a href=\"https:\/\/policies.google.com\/technologies\/ads\"><span style=\"vertical-align: inherit;\"><span style=\"vertical-align: inherit;\">https:\/\/policies.google.com\/technologies\/ads&lt; \/span&gt;<\/span><\/span><\/a><\/p>\n<h2><span style=\"vertical-align: inherit;\"><span style=\"vertical-align: inherit;\">Advertising Partner Privacy Policies<\/span><\/span><\/h2>\n<p><span style=\"vertical-align: inherit;\"><span style=\"vertical-align: inherit;\">You may consult this list to find the Privacy Policy for each of the advertising partners of infinitosdigitals.<\/span><\/span><\/p>\n<p><span style=\"vertical-align: inherit;\"><span style=\"vertical-align: inherit;\">Third-party ad servers or ad networks use technologies like cookies, JavaScript, or Web Beacons that are used in their advertisements and links that appear on infinitosdigitals, which are sent directly to users&#039; browsers. They automatically receive your IP address when this occurs. These technologies are used to measure the effectiveness of their advertising campaigns and\/or to personalize the advertising content that you see on the websites you visit.<\/span><\/span><\/p>\n<p><span style=\"vertical-align: inherit;\"><span style=\"vertical-align: inherit;\">Please note that Video Card Insider has no access to or control over these cookies that are used by third-party advertisers.<\/span><\/span><\/p>\n<h2><span style=\"vertical-align: inherit;\"><span style=\"vertical-align: inherit;\">Third-party privacy policies<\/span><\/span><\/h2>\n<p><span style=\"vertical-align: inherit;\"><span style=\"vertical-align: inherit;\">infinitosdigitals&#039;s Privacy Policy does not apply to other advertisers or websites. Therefore, we advise you to consult the respective Privacy Policies of these third-party ad servers for more detailed information. It may include their practices and instructions about how to opt-out of certain options.<\/span><\/span><\/p>\n<p><span style=\"vertical-align: inherit;\"><span style=\"vertical-align: inherit;\">You can choose to disable cookies through your individual browser options. For more detailed information about cookie management with specific browsers, please find it on the browsers&#039; respective websites.<\/span><\/span><\/p>\n<h2><span style=\"vertical-align: inherit;\"><span style=\"vertical-align: inherit;\">CCPA Privacy Rights (Do Not Sell My Personal Information)<\/span><\/span><\/h2>\n<p><span style=\"vertical-align: inherit;\"><span style=\"vertical-align: inherit;\">Under the CCPA, among other rights, California consumers have the right to:<\/span><\/span><\/p>\n<p><span style=\"vertical-align: inherit;\"><span style=\"vertical-align: inherit;\">Request that a business that collects a consumer&#039;s personal data disclose the categories and specific pieces of personal data that a business has collected about consumers.<\/span><\/span><\/p>\n<p><span style=\"vertical-align: inherit;\"><span style=\"vertical-align: inherit;\">Request that a business delete any personal data about the consumer that it has collected.<\/span><\/span><\/p>\n<p><span style=\"vertical-align: inherit;\"><span style=\"vertical-align: inherit;\">Request that a business that sells a consumer&#039;s personal data, not sell the consumer&#039;s personal data.<\/span><\/span><\/p>\n<p><span style=\"vertical-align: inherit;\"><span style=\"vertical-align: inherit;\">If you make a request, we have one month to respond. If you wish to exercise any of these rights, please contact us.<\/span><\/span><\/p>\n<h2><span style=\"vertical-align: inherit;\"><span style=\"vertical-align: inherit;\">GDPR Data Protection Rights<\/span><\/span><\/h2>\n<p><span style=\"vertical-align: inherit;\"><span style=\"vertical-align: inherit;\">We want to make sure you&#039;re fully aware of all your data protection rights. Every user has the right to the following:<\/span><\/span><\/p>\n<p><span style=\"vertical-align: inherit;\"><span style=\"vertical-align: inherit;\">The right to access \u2013 You have the right to request copies of your personal data. We may charge a small fee for this service.<\/span><\/span><\/p>\n<p><span style=\"vertical-align: inherit;\"><span style=\"vertical-align: inherit;\">The right to rectification \u2013 You have the right to request that we correct any information you believe is inaccurate. You also have the right to request that we complete information you believe is incomplete.<\/span><\/span><\/p>\n<p><span style=\"vertical-align: inherit;\"><span style=\"vertical-align: inherit;\">The right to erasure \u2013 You have the right to request that we erase your personal data, under certain conditions.<\/span><\/span><\/p>\n<p><span style=\"vertical-align: inherit;\"><span style=\"vertical-align: inherit;\">The right to restrict processing \u2013 You have the right to request that we restrict the processing of your personal data, under certain conditions.<\/span><\/span><\/p>\n<p><span style=\"vertical-align: inherit;\"><span style=\"vertical-align: inherit;\">The right to object to processing \u2013 You have the right to object to our processing of your personal data, under certain conditions.<\/span><\/span><\/p>\n<p><span style=\"vertical-align: inherit;\"><span style=\"vertical-align: inherit;\">The right to data portability \u2013 You have the right to request that we transfer the data we have collected to another organization, or directly to you, under certain conditions.<\/span><\/span><\/p>\n<p><span style=\"vertical-align: inherit;\"><span style=\"vertical-align: inherit;\">If you make a request, we have one month to respond. If you wish to exercise any of these rights, please contact us.<\/span><\/span><\/p>\n<h2><span style=\"vertical-align: inherit;\"><span style=\"vertical-align: inherit;\">Children&#039;s information<\/span><\/span><\/h2>\n<p><span style=\"vertical-align: inherit;\"><span style=\"vertical-align: inherit;\">Another priority is to protect children while using the internet. We encourage parents and guardians to observe, participate in, and\/or monitor and guide their online activity.<\/span><\/span><\/p>\n<p><span style=\"vertical-align: inherit;\"><span style=\"vertical-align: inherit;\">infinitosdigitals does not knowingly collect any personally identifiable information from children under the age of 13. If you believe that your child has provided this kind of information on our website, we strongly encourage you to contact us immediately and we will do our best efforts to promptly remove such information from our records.<\/span><\/span><\/p>\n<h2><span style=\"vertical-align: inherit;\"><span style=\"vertical-align: inherit;\">Changes to this Privacy Policy<\/span><\/span><\/h2>\n<p><span style=\"vertical-align: inherit;\"><span style=\"vertical-align: inherit;\">We may update our Privacy Policy from time to time. Therefore, we advise you to review this page periodically for any changes. We will notify you of any changes by posting the new Privacy Policy on this page. These changes are effective immediately after they are posted on this page.<\/span><\/span><\/p>\n<p><span style=\"vertical-align: inherit;\"><span style=\"vertical-align: inherit;\">Our Privacy Policy was created with the help of\u00a0<\/span><\/span><a href=\"https:\/\/www.termsfeed.com\/privacy-policy-generator\/\"><span style=\"vertical-align: inherit;\"><span style=\"vertical-align: inherit;\">Privacy Policy Generator<\/span><\/span><\/a><span style=\"vertical-align: inherit;\"><span style=\"vertical-align: inherit;\">.<\/span><\/span><\/p>\n<h2><span style=\"vertical-align: inherit;\"><span style=\"vertical-align: inherit;\">Contact us<\/span><\/span><\/h2>\n<p><span style=\"vertical-align: inherit;\"><span style=\"vertical-align: inherit;\">If you have any questions or suggestions about our Privacy Policy, please do not hesitate to contact us at <a href=\"https:\/\/infinitosdigitals.com\/en\/contato\/\">contact form<\/a> .<\/span><\/span><\/p>\n<\/div>\n<\/div>\n<\/div>\n<\/div>\n<\/div>\n<\/div>\n<\/div>","protected":false},"excerpt":{"rendered":"<p>Pol\u00edtica de privacidade para infinitosdigitals No infinitosdigitals, acess\u00edvel em https:\/\/infinitosdigitals.com\/, uma de nossas principais prioridades \u00e9 a privacidade de nossos visitantes. Este documento de Pol\u00edtica de Privacidade cont\u00e9m tipos de informa\u00e7\u00f5es que s\u00e3o coletadas e registradas pelo infinitosdigitals e como as utilizamos. Se voc\u00ea tiver d\u00favidas adicionais ou precisar de mais informa\u00e7\u00f5es sobre nossa Pol\u00edtica&hellip;&nbsp;<a href=\"https:\/\/infinitosdigitals.com\/en\/politica-de-privacidade\/\" rel=\"bookmark\"><span class=\"screen-reader-text\">Privacy Policy<\/span><\/a><\/p>","protected":false},"author":1,"featured_media":0,"parent":0,"menu_order":0,"comment_status":"closed","ping_status":"closed","template":"","meta":{"neve_meta_sidebar":"","neve_meta_container":"","neve_meta_enable_content_width":"","neve_meta_content_width":0,"neve_meta_title_alignment":"","neve_meta_author_avatar":"","neve_post_elements_order":"","neve_meta_disable_header":"","neve_meta_disable_footer":"","neve_meta_disable_title":"","footnotes":""},"class_list":["post-30","page","type-page","status-publish","hentry"],"_links":{"self":[{"href":"https:\/\/infinitosdigitals.com\/en\/wp-json\/wp\/v2\/pages\/30","targetHints":{"allow":["GET"]}}],"collection":[{"href":"https:\/\/infinitosdigitals.com\/en\/wp-json\/wp\/v2\/pages"}],"about":[{"href":"https:\/\/infinitosdigitals.com\/en\/wp-json\/wp\/v2\/types\/page"}],"author":[{"embeddable":true,"href":"https:\/\/infinitosdigitals.com\/en\/wp-json\/wp\/v2\/users\/1"}],"replies":[{"embeddable":true,"href":"https:\/\/infinitosdigitals.com\/en\/wp-json\/wp\/v2\/comments?post=30"}],"version-history":[{"count":2,"href":"https:\/\/infinitosdigitals.com\/en\/wp-json\/wp\/v2\/pages\/30\/revisions"}],"predecessor-version":[{"id":2491,"href":"https:\/\/infinitosdigitals.com\/en\/wp-json\/wp\/v2\/pages\/30\/revisions\/2491"}],"wp:attachment":[{"href":"https:\/\/infinitosdigitals.com\/en\/wp-json\/wp\/v2\/media?parent=30"}],"curies":[{"name":"wp","href":"https:\/\/api.w.org\/{rel}","templated":true}]}}