{"id":32,"date":"2023-10-28T02:49:50","date_gmt":"2023-10-28T02:49:50","guid":{"rendered":"https:\/\/infinitosdigitals.com\/about-us\/"},"modified":"2024-01-16T22:28:26","modified_gmt":"2024-01-16T22:28:26","slug":"sobre-nos","status":"publish","type":"page","link":"https:\/\/infinitosdigitals.com\/en\/sobre-nos\/","title":{"rendered":"About us"},"content":{"rendered":"<p>infinitosdigitals.com is a comprehensive portal that provides reliable job information, simple tips on relevant courses, and financial guidance. It also points to useful apps that assist with financial management. The website is designed to provide the necessary resources through a comprehensive approach and tips to help users find job opportunities, financial stability, and professional excellence.<\/p>\n<p>All content on this blog is intended to be informative. We do not provide financial, legal, or professional advice. The information is provided at the sole discretion of the authors, but we do not promise its accuracy or relevance.<br \/>\nNo Client Relationship: Use of this blog does not create a relationship with a client or professional. Any information contained herein should not be considered a substitute for personalized financial, legal, or professional advice.<br \/>\nExternal links and applications: We may use external websites and applications. We have no control over the content or privacy policies of these external websites.<\/p>\n<p>Job Opportunities: The job opportunities posted are derived from publicly available data. We have no control over the accuracy of the job information, the hiring methods of the companies employed, or the success of the candidates. Disclaimer: We are not responsible for any damages or losses associated with the use of the information on this blog.<br \/>\nChanges to the Disclaimer: This statement is subject to change at any time. We advise users to revisit this page as often as possible to stay alert for any improvements. Contact: For questions or concerns regarding this statement, please contact us at <a href=\"https:\/\/infinitosdigitals.com\/en\/contato\/\">contact form<\/a>.<\/p>","protected":false},"excerpt":{"rendered":"<p>O site infinitosdigitals.com \u00e9 um portal completo que traz informa\u00e7\u00f5es confiaveis sobre empregos, dicas simples sobre cursos relevantes e instru\u00e7\u00f5es financeiras. Al\u00e9m disso, aponta aplicativos \u00fateis que auxiliam na gest\u00e3o financeira. O site foi projetado para fornecer os recursos necess\u00e1rios por meio de uma abordagem abrangente e dicas para ajudar os usu\u00e1rios a encontrar op\u00e7oes&hellip;&nbsp;<a href=\"https:\/\/infinitosdigitals.com\/en\/sobre-nos\/\" rel=\"bookmark\"><span class=\"screen-reader-text\">About us<\/span><\/a><\/p>","protected":false},"author":1,"featured_media":0,"parent":0,"menu_order":0,"comment_status":"closed","ping_status":"closed","template":"","meta":{"neve_meta_sidebar":"","neve_meta_container":"","neve_meta_enable_content_width":"","neve_meta_content_width":0,"neve_meta_title_alignment":"","neve_meta_author_avatar":"","neve_post_elements_order":"","neve_meta_disable_header":"","neve_meta_disable_footer":"","neve_meta_disable_title":"","footnotes":""},"class_list":["post-32","page","type-page","status-publish","hentry"],"_links":{"self":[{"href":"https:\/\/infinitosdigitals.com\/en\/wp-json\/wp\/v2\/pages\/32","targetHints":{"allow":["GET"]}}],"collection":[{"href":"https:\/\/infinitosdigitals.com\/en\/wp-json\/wp\/v2\/pages"}],"about":[{"href":"https:\/\/infinitosdigitals.com\/en\/wp-json\/wp\/v2\/types\/page"}],"author":[{"embeddable":true,"href":"https:\/\/infinitosdigitals.com\/en\/wp-json\/wp\/v2\/users\/1"}],"replies":[{"embeddable":true,"href":"https:\/\/infinitosdigitals.com\/en\/wp-json\/wp\/v2\/comments?post=32"}],"version-history":[{"count":0,"href":"https:\/\/infinitosdigitals.com\/en\/wp-json\/wp\/v2\/pages\/32\/revisions"}],"wp:attachment":[{"href":"https:\/\/infinitosdigitals.com\/en\/wp-json\/wp\/v2\/media?parent=32"}],"curies":[{"name":"wp","href":"https:\/\/api.w.org\/{rel}","templated":true}]}}